{"id":191,"date":"2022-12-26T16:38:38","date_gmt":"2022-12-26T15:38:38","guid":{"rendered":"https:\/\/petrklichelp.mrkninaweb.cz\/?page_id=191"},"modified":"2025-10-07T12:08:00","modified_gmt":"2025-10-07T10:08:00","slug":"about-us","status":"publish","type":"page","link":"https:\/\/www.petrklichelp.cz\/cs\/about-us\/","title":{"rendered":"O n\u00e1s"},"content":{"rendered":"<p>Petrkl\u00ed\u010d help, z. s. je komunitn\u00ed, vzd\u011bl\u00e1vac\u00ed, ml\u00e1de\u017enick\u00e1, environment\u00e1ln\u00ed, kreativn\u00ed a inovativn\u00ed neziskov\u00e1 organizace, kter\u00e1 aktivn\u011b p\u016fsob\u00ed od roku 2005. Na\u0161e organizace sdru\u017euje t\u00fdm odborn\u00edk\u016f s rozs\u00e1hl\u00fdmi zku\u0161enostmi v oblasti neform\u00e1ln\u00edho vzd\u011bl\u00e1v\u00e1n\u00ed, dobrovolnictv\u00ed, rozvoje a posilov\u00e1n\u00ed postaven\u00ed mlad\u00fdch lid\u00ed, p\u0159eshrani\u010dn\u00ed a mezin\u00e1rodn\u00ed spolupr\u00e1ce, environment\u00e1ln\u00ed udr\u017eitelnosti a participace ml\u00e1de\u017ee.<\/p>\n\n\n\n<p>V\u011b\u0159\u00edme, \u017ee zm\u011bna za\u010d\u00edn\u00e1 u lid\u00ed, kte\u0159\u00ed se cht\u011bj\u00ed u\u010dit a tvo\u0159it lep\u0161\u00ed sv\u011bt. Podporujeme aktivn\u00ed ob\u010danstv\u00ed a celo\u017eivotn\u00ed u\u010den\u00ed prost\u0159ednictv\u00edm otev\u0159en\u00fdch a inkluzivn\u00edch iniciativ. N\u00e1\u0161 t\u00fdm spojuje odbornost z oblasti podnik\u00e1n\u00ed, ml\u00e1de\u017ee, osobn\u00edho rozvoje a ekologie \u2013 abychom pom\u00e1hali r\u016fst lidem i komunit\u00e1m udr\u017eiteln\u011b, v\u011bdom\u011b&nbsp;a&nbsp;s&nbsp;nad\u0161en\u00edm.<\/p>","protected":false},"excerpt":{"rendered":"<p>Petrkl\u00ed\u010d help, z. s. je komunitn\u00ed, vzd\u011bl\u00e1vac\u00ed, ml\u00e1de\u017enick\u00e1, environment\u00e1ln\u00ed, kreativn\u00ed a inovativn\u00ed neziskov\u00e1 organizace, kter\u00e1 aktivn\u011b p\u016fsob\u00ed od roku 2005&#8230;.<\/p>","protected":false},"author":1,"featured_media":0,"parent":0,"menu_order":0,"comment_status":"closed","ping_status":"closed","template":"","meta":{"_acf_changed":false,"footnotes":""},"class_list":["post-191","page","type-page","status-publish","hentry"],"acf":[],"yoast_head":"<!-- This site is optimized with the Yoast SEO plugin v26.0 - https:\/\/yoast.com\/wordpress\/plugins\/seo\/ -->\n<title>About us - Petrkl\u00ed\u010d help<\/title>\n<meta name=\"robots\" content=\"index, follow, max-snippet:-1, max-image-preview:large, max-video-preview:-1\" \/>\n<link rel=\"canonical\" href=\"https:\/\/www.petrklichelp.cz\/cs\/about-us\/\" \/>\n<meta property=\"og:locale\" content=\"cs_CZ\" \/>\n<meta property=\"og:type\" content=\"article\" \/>\n<meta property=\"og:title\" content=\"About us - Petrkl\u00ed\u010d help\" \/>\n<meta property=\"og:description\" content=\"Petrkl\u00ed\u010d help, z. s. je komunitn\u00ed, vzd\u011bl\u00e1vac\u00ed, ml\u00e1de\u017enick\u00e1, environment\u00e1ln\u00ed, kreativn\u00ed a inovativn\u00ed neziskov\u00e1 organizace, kter\u00e1 aktivn\u011b p\u016fsob\u00ed od roku 2005....\" \/>\n<meta property=\"og:url\" content=\"https:\/\/www.petrklichelp.cz\/cs\/about-us\/\" \/>\n<meta property=\"og:site_name\" content=\"Petrkl\u00ed\u010d help\" \/>\n<meta property=\"article:publisher\" content=\"https:\/\/www.facebook.com\/PetrklicHelp\" \/>\n<meta property=\"article:modified_time\" content=\"2025-10-07T10:08:00+00:00\" \/>\n<meta name=\"twitter:card\" content=\"summary_large_image\" \/>\n<meta name=\"twitter:label1\" content=\"Odhadovan\u00e1 doba \u010dten\u00ed\" \/>\n\t<meta name=\"twitter:data1\" content=\"1 minuta\" \/>\n<script type=\"application\/ld+json\" class=\"yoast-schema-graph\">{\"@context\":\"https:\/\/schema.org\",\"@graph\":[{\"@type\":\"WebPage\",\"@id\":\"https:\/\/www.petrklichelp.cz\/about-us\/\",\"url\":\"https:\/\/www.petrklichelp.cz\/about-us\/\",\"name\":\"About us - Petrkl\u00ed\u010d help\",\"isPartOf\":{\"@id\":\"https:\/\/www.petrklichelp.cz\/cs\/#website\"},\"datePublished\":\"2022-12-26T15:38:38+00:00\",\"dateModified\":\"2025-10-07T10:08:00+00:00\",\"breadcrumb\":{\"@id\":\"https:\/\/www.petrklichelp.cz\/about-us\/#breadcrumb\"},\"inLanguage\":\"cs\",\"potentialAction\":[{\"@type\":\"ReadAction\",\"target\":[\"https:\/\/www.petrklichelp.cz\/about-us\/\"]}]},{\"@type\":\"BreadcrumbList\",\"@id\":\"https:\/\/www.petrklichelp.cz\/about-us\/#breadcrumb\",\"itemListElement\":[{\"@type\":\"ListItem\",\"position\":1,\"name\":\"Home\",\"item\":\"https:\/\/www.petrklichelp.cz\/\"},{\"@type\":\"ListItem\",\"position\":2,\"name\":\"About us\"}]},{\"@type\":\"WebSite\",\"@id\":\"https:\/\/www.petrklichelp.cz\/cs\/#website\",\"url\":\"https:\/\/www.petrklichelp.cz\/cs\/\",\"name\":\"Petrkl\u00ed\u010d help\",\"description\":\"\",\"publisher\":{\"@id\":\"https:\/\/www.petrklichelp.cz\/cs\/#organization\"},\"potentialAction\":[{\"@type\":\"SearchAction\",\"target\":{\"@type\":\"EntryPoint\",\"urlTemplate\":\"https:\/\/www.petrklichelp.cz\/cs\/?s={search_term_string}\"},\"query-input\":{\"@type\":\"PropertyValueSpecification\",\"valueRequired\":true,\"valueName\":\"search_term_string\"}}],\"inLanguage\":\"cs\"},{\"@type\":\"Organization\",\"@id\":\"https:\/\/www.petrklichelp.cz\/cs\/#organization\",\"name\":\"Petrkl\u00ed\u010d help\",\"url\":\"https:\/\/www.petrklichelp.cz\/cs\/\",\"logo\":{\"@type\":\"ImageObject\",\"inLanguage\":\"cs\",\"@id\":\"https:\/\/www.petrklichelp.cz\/cs\/#\/schema\/logo\/image\/\",\"url\":\"https:\/\/petrklichelp.mrkninaweb.cz\/wp-content\/uploads\/2023\/01\/zahrada-petrklichelp.png\",\"contentUrl\":\"https:\/\/petrklichelp.mrkninaweb.cz\/wp-content\/uploads\/2023\/01\/zahrada-petrklichelp.png\",\"width\":117,\"height\":110,\"caption\":\"Petrkl\u00ed\u010d help\"},\"image\":{\"@id\":\"https:\/\/www.petrklichelp.cz\/cs\/#\/schema\/logo\/image\/\"},\"sameAs\":[\"https:\/\/www.facebook.com\/PetrklicHelp\",\"https:\/\/www.instagram.com\/petrklic_help\/\"]}]}<\/script>\n<!-- \/ Yoast SEO plugin. -->","yoast_head_json":{"title":"About us - Petrkl\u00ed\u010d help","robots":{"index":"index","follow":"follow","max-snippet":"max-snippet:-1","max-image-preview":"max-image-preview:large","max-video-preview":"max-video-preview:-1"},"canonical":"https:\/\/www.petrklichelp.cz\/cs\/about-us\/","og_locale":"cs_CZ","og_type":"article","og_title":"About us - Petrkl\u00ed\u010d help","og_description":"Petrkl\u00ed\u010d help, z. s. je komunitn\u00ed, vzd\u011bl\u00e1vac\u00ed, ml\u00e1de\u017enick\u00e1, environment\u00e1ln\u00ed, kreativn\u00ed a inovativn\u00ed neziskov\u00e1 organizace, kter\u00e1 aktivn\u011b p\u016fsob\u00ed od roku 2005....","og_url":"https:\/\/www.petrklichelp.cz\/cs\/about-us\/","og_site_name":"Petrkl\u00ed\u010d help","article_publisher":"https:\/\/www.facebook.com\/PetrklicHelp","article_modified_time":"2025-10-07T10:08:00+00:00","twitter_card":"summary_large_image","twitter_misc":{"Odhadovan\u00e1 doba \u010dten\u00ed":"1 minuta"},"schema":{"@context":"https:\/\/schema.org","@graph":[{"@type":"WebPage","@id":"https:\/\/www.petrklichelp.cz\/about-us\/","url":"https:\/\/www.petrklichelp.cz\/about-us\/","name":"About us - Petrkl\u00ed\u010d help","isPartOf":{"@id":"https:\/\/www.petrklichelp.cz\/cs\/#website"},"datePublished":"2022-12-26T15:38:38+00:00","dateModified":"2025-10-07T10:08:00+00:00","breadcrumb":{"@id":"https:\/\/www.petrklichelp.cz\/about-us\/#breadcrumb"},"inLanguage":"cs","potentialAction":[{"@type":"ReadAction","target":["https:\/\/www.petrklichelp.cz\/about-us\/"]}]},{"@type":"BreadcrumbList","@id":"https:\/\/www.petrklichelp.cz\/about-us\/#breadcrumb","itemListElement":[{"@type":"ListItem","position":1,"name":"Home","item":"https:\/\/www.petrklichelp.cz\/"},{"@type":"ListItem","position":2,"name":"About us"}]},{"@type":"WebSite","@id":"https:\/\/www.petrklichelp.cz\/cs\/#website","url":"https:\/\/www.petrklichelp.cz\/cs\/","name":"Petrkl\u00ed\u010d help","description":"","publisher":{"@id":"https:\/\/www.petrklichelp.cz\/cs\/#organization"},"potentialAction":[{"@type":"SearchAction","target":{"@type":"EntryPoint","urlTemplate":"https:\/\/www.petrklichelp.cz\/cs\/?s={search_term_string}"},"query-input":{"@type":"PropertyValueSpecification","valueRequired":true,"valueName":"search_term_string"}}],"inLanguage":"cs"},{"@type":"Organization","@id":"https:\/\/www.petrklichelp.cz\/cs\/#organization","name":"Petrkl\u00ed\u010d help","url":"https:\/\/www.petrklichelp.cz\/cs\/","logo":{"@type":"ImageObject","inLanguage":"cs","@id":"https:\/\/www.petrklichelp.cz\/cs\/#\/schema\/logo\/image\/","url":"https:\/\/petrklichelp.mrkninaweb.cz\/wp-content\/uploads\/2023\/01\/zahrada-petrklichelp.png","contentUrl":"https:\/\/petrklichelp.mrkninaweb.cz\/wp-content\/uploads\/2023\/01\/zahrada-petrklichelp.png","width":117,"height":110,"caption":"Petrkl\u00ed\u010d help"},"image":{"@id":"https:\/\/www.petrklichelp.cz\/cs\/#\/schema\/logo\/image\/"},"sameAs":["https:\/\/www.facebook.com\/PetrklicHelp","https:\/\/www.instagram.com\/petrklic_help\/"]}]}},"jetpack_sharing_enabled":true,"_links":{"self":[{"href":"https:\/\/www.petrklichelp.cz\/cs\/wp-json\/wp\/v2\/pages\/191","targetHints":{"allow":["GET"]}}],"collection":[{"href":"https:\/\/www.petrklichelp.cz\/cs\/wp-json\/wp\/v2\/pages"}],"about":[{"href":"https:\/\/www.petrklichelp.cz\/cs\/wp-json\/wp\/v2\/types\/page"}],"author":[{"embeddable":true,"href":"https:\/\/www.petrklichelp.cz\/cs\/wp-json\/wp\/v2\/users\/1"}],"replies":[{"embeddable":true,"href":"https:\/\/www.petrklichelp.cz\/cs\/wp-json\/wp\/v2\/comments?post=191"}],"version-history":[{"count":9,"href":"https:\/\/www.petrklichelp.cz\/cs\/wp-json\/wp\/v2\/pages\/191\/revisions"}],"predecessor-version":[{"id":2235,"href":"https:\/\/www.petrklichelp.cz\/cs\/wp-json\/wp\/v2\/pages\/191\/revisions\/2235"}],"wp:attachment":[{"href":"https:\/\/www.petrklichelp.cz\/cs\/wp-json\/wp\/v2\/media?parent=191"}],"curies":[{"name":"wp","href":"https:\/\/api.w.org\/{rel}","templated":true}]}}