{"id":2466,"date":"2026-04-04T23:49:38","date_gmt":"2026-04-04T21:49:38","guid":{"rendered":"https:\/\/www.petrklichelp.cz\/?page_id=2466"},"modified":"2026-04-12T22:26:10","modified_gmt":"2026-04-12T20:26:10","slug":"missionearth","status":"publish","type":"page","link":"https:\/\/www.petrklichelp.cz\/cs\/missionearth\/","title":{"rendered":"Mission: Earth"},"content":{"rendered":"<div class=\"wp-block-image\">\n<figure class=\"aligncenter size-large\"><img fetchpriority=\"high\" decoding=\"async\" width=\"1024\" height=\"320\" src=\"https:\/\/www.petrklichelp.cz\/wp-content\/uploads\/2026\/04\/Mission-earth-banner-1024x320.png\" alt=\"\" class=\"wp-image-2645\" srcset=\"https:\/\/www.petrklichelp.cz\/wp-content\/uploads\/2026\/04\/Mission-earth-banner-1024x320.png 1024w, https:\/\/www.petrklichelp.cz\/wp-content\/uploads\/2026\/04\/Mission-earth-banner-300x94.png 300w, https:\/\/www.petrklichelp.cz\/wp-content\/uploads\/2026\/04\/Mission-earth-banner-768x240.png 768w, https:\/\/www.petrklichelp.cz\/wp-content\/uploads\/2026\/04\/Mission-earth-banner-1536x480.png 1536w, https:\/\/www.petrklichelp.cz\/wp-content\/uploads\/2026\/04\/Mission-earth-banner-18x6.png 18w, https:\/\/www.petrklichelp.cz\/wp-content\/uploads\/2026\/04\/Mission-earth-banner.png 1920w\" sizes=\"(max-width: 1024px) 100vw, 1024px\" \/><\/figure>\n<\/div>\n\n\n\n\n<div style=\"width:100%; height:100vh; overflow:hidden;\">\n  <iframe \n    src=\"https:\/\/www.petrklichelp.cz\/wp-content\/uploads\/2026\/04\/env_sim_czech.html\"\n    style=\"width:100%; height:100%; border:none;\">\n  <\/iframe>\n<\/div>\n\n\n<div class=\"wp-block-image\">\n<figure class=\"aligncenter size-large is-resized\"><img decoding=\"async\" width=\"1024\" height=\"1024\" src=\"https:\/\/www.petrklichelp.cz\/wp-content\/uploads\/2026\/04\/qr-code-20-1024x1024.png\" alt=\"\" class=\"wp-image-2544\" style=\"width:368px;height:auto\" srcset=\"https:\/\/www.petrklichelp.cz\/wp-content\/uploads\/2026\/04\/qr-code-20-1024x1024.png 1024w, https:\/\/www.petrklichelp.cz\/wp-content\/uploads\/2026\/04\/qr-code-20-300x300.png 300w, https:\/\/www.petrklichelp.cz\/wp-content\/uploads\/2026\/04\/qr-code-20-150x150.png 150w, https:\/\/www.petrklichelp.cz\/wp-content\/uploads\/2026\/04\/qr-code-20-768x768.png 768w, https:\/\/www.petrklichelp.cz\/wp-content\/uploads\/2026\/04\/qr-code-20-12x12.png 12w, https:\/\/www.petrklichelp.cz\/wp-content\/uploads\/2026\/04\/qr-code-20.png 1147w\" sizes=\"(max-width: 1024px) 100vw, 1024px\" \/><\/figure>\n<\/div>\n\n\n\n\n<p><\/p>","protected":false},"excerpt":{"rendered":"","protected":false},"author":2,"featured_media":0,"parent":0,"menu_order":0,"comment_status":"closed","ping_status":"closed","template":"","meta":{"_acf_changed":false,"footnotes":""},"class_list":["post-2466","page","type-page","status-publish","hentry"],"acf":[],"yoast_head":"<!-- This site is optimized with the Yoast SEO plugin v26.0 - https:\/\/yoast.com\/wordpress\/plugins\/seo\/ -->\n<title>Mission: Earth - Petrkl\u00ed\u010d help<\/title>\n<meta name=\"robots\" content=\"index, follow, max-snippet:-1, max-image-preview:large, max-video-preview:-1\" \/>\n<link rel=\"canonical\" href=\"https:\/\/www.petrklichelp.cz\/cs\/missionearth\/\" \/>\n<meta property=\"og:locale\" content=\"cs_CZ\" \/>\n<meta property=\"og:type\" content=\"article\" \/>\n<meta property=\"og:title\" content=\"Mission: Earth - Petrkl\u00ed\u010d help\" \/>\n<meta property=\"og:url\" content=\"https:\/\/www.petrklichelp.cz\/cs\/missionearth\/\" \/>\n<meta property=\"og:site_name\" content=\"Petrkl\u00ed\u010d help\" \/>\n<meta property=\"article:publisher\" content=\"https:\/\/www.facebook.com\/PetrklicHelp\" \/>\n<meta property=\"article:modified_time\" content=\"2026-04-12T20:26:10+00:00\" \/>\n<meta property=\"og:image\" content=\"https:\/\/www.petrklichelp.cz\/wp-content\/uploads\/2026\/04\/Mission-earth-banner.png\" \/>\n\t<meta property=\"og:image:width\" content=\"1920\" \/>\n\t<meta property=\"og:image:height\" content=\"600\" \/>\n\t<meta property=\"og:image:type\" content=\"image\/png\" \/>\n<meta name=\"twitter:card\" content=\"summary_large_image\" \/>\n<meta name=\"twitter:label1\" content=\"Odhadovan\u00e1 doba \u010dten\u00ed\" \/>\n\t<meta name=\"twitter:data1\" content=\"1 minuta\" \/>\n<script type=\"application\/ld+json\" class=\"yoast-schema-graph\">{\"@context\":\"https:\/\/schema.org\",\"@graph\":[{\"@type\":\"WebPage\",\"@id\":\"https:\/\/www.petrklichelp.cz\/missionearth\/\",\"url\":\"https:\/\/www.petrklichelp.cz\/missionearth\/\",\"name\":\"Mission: Earth - Petrkl\u00ed\u010d help\",\"isPartOf\":{\"@id\":\"https:\/\/www.petrklichelp.cz\/cs\/#website\"},\"primaryImageOfPage\":{\"@id\":\"https:\/\/www.petrklichelp.cz\/missionearth\/#primaryimage\"},\"image\":{\"@id\":\"https:\/\/www.petrklichelp.cz\/missionearth\/#primaryimage\"},\"thumbnailUrl\":\"https:\/\/www.petrklichelp.cz\/wp-content\/uploads\/2026\/04\/Mission-earth-banner-1024x320.png\",\"datePublished\":\"2026-04-04T21:49:38+00:00\",\"dateModified\":\"2026-04-12T20:26:10+00:00\",\"breadcrumb\":{\"@id\":\"https:\/\/www.petrklichelp.cz\/missionearth\/#breadcrumb\"},\"inLanguage\":\"cs\",\"potentialAction\":[{\"@type\":\"ReadAction\",\"target\":[\"https:\/\/www.petrklichelp.cz\/missionearth\/\"]}]},{\"@type\":\"ImageObject\",\"inLanguage\":\"cs\",\"@id\":\"https:\/\/www.petrklichelp.cz\/missionearth\/#primaryimage\",\"url\":\"https:\/\/www.petrklichelp.cz\/wp-content\/uploads\/2026\/04\/Mission-earth-banner-1024x320.png\",\"contentUrl\":\"https:\/\/www.petrklichelp.cz\/wp-content\/uploads\/2026\/04\/Mission-earth-banner-1024x320.png\"},{\"@type\":\"BreadcrumbList\",\"@id\":\"https:\/\/www.petrklichelp.cz\/missionearth\/#breadcrumb\",\"itemListElement\":[{\"@type\":\"ListItem\",\"position\":1,\"name\":\"Home\",\"item\":\"https:\/\/www.petrklichelp.cz\/\"},{\"@type\":\"ListItem\",\"position\":2,\"name\":\"Mission: Earth\"}]},{\"@type\":\"WebSite\",\"@id\":\"https:\/\/www.petrklichelp.cz\/cs\/#website\",\"url\":\"https:\/\/www.petrklichelp.cz\/cs\/\",\"name\":\"Petrkl\u00ed\u010d help\",\"description\":\"\",\"publisher\":{\"@id\":\"https:\/\/www.petrklichelp.cz\/cs\/#organization\"},\"potentialAction\":[{\"@type\":\"SearchAction\",\"target\":{\"@type\":\"EntryPoint\",\"urlTemplate\":\"https:\/\/www.petrklichelp.cz\/cs\/?s={search_term_string}\"},\"query-input\":{\"@type\":\"PropertyValueSpecification\",\"valueRequired\":true,\"valueName\":\"search_term_string\"}}],\"inLanguage\":\"cs\"},{\"@type\":\"Organization\",\"@id\":\"https:\/\/www.petrklichelp.cz\/cs\/#organization\",\"name\":\"Petrkl\u00ed\u010d help\",\"url\":\"https:\/\/www.petrklichelp.cz\/cs\/\",\"logo\":{\"@type\":\"ImageObject\",\"inLanguage\":\"cs\",\"@id\":\"https:\/\/www.petrklichelp.cz\/cs\/#\/schema\/logo\/image\/\",\"url\":\"https:\/\/petrklichelp.mrkninaweb.cz\/wp-content\/uploads\/2023\/01\/zahrada-petrklichelp.png\",\"contentUrl\":\"https:\/\/petrklichelp.mrkninaweb.cz\/wp-content\/uploads\/2023\/01\/zahrada-petrklichelp.png\",\"width\":117,\"height\":110,\"caption\":\"Petrkl\u00ed\u010d help\"},\"image\":{\"@id\":\"https:\/\/www.petrklichelp.cz\/cs\/#\/schema\/logo\/image\/\"},\"sameAs\":[\"https:\/\/www.facebook.com\/PetrklicHelp\",\"https:\/\/www.instagram.com\/petrklic_help\/\"]}]}<\/script>\n<!-- \/ Yoast SEO plugin. -->","yoast_head_json":{"title":"Mission: Earth - Petrkl\u00ed\u010d help","robots":{"index":"index","follow":"follow","max-snippet":"max-snippet:-1","max-image-preview":"max-image-preview:large","max-video-preview":"max-video-preview:-1"},"canonical":"https:\/\/www.petrklichelp.cz\/cs\/missionearth\/","og_locale":"cs_CZ","og_type":"article","og_title":"Mission: Earth - Petrkl\u00ed\u010d help","og_url":"https:\/\/www.petrklichelp.cz\/cs\/missionearth\/","og_site_name":"Petrkl\u00ed\u010d help","article_publisher":"https:\/\/www.facebook.com\/PetrklicHelp","article_modified_time":"2026-04-12T20:26:10+00:00","og_image":[{"width":1920,"height":600,"url":"https:\/\/www.petrklichelp.cz\/wp-content\/uploads\/2026\/04\/Mission-earth-banner.png","type":"image\/png"}],"twitter_card":"summary_large_image","twitter_misc":{"Odhadovan\u00e1 doba \u010dten\u00ed":"1 minuta"},"schema":{"@context":"https:\/\/schema.org","@graph":[{"@type":"WebPage","@id":"https:\/\/www.petrklichelp.cz\/missionearth\/","url":"https:\/\/www.petrklichelp.cz\/missionearth\/","name":"Mission: Earth - Petrkl\u00ed\u010d help","isPartOf":{"@id":"https:\/\/www.petrklichelp.cz\/cs\/#website"},"primaryImageOfPage":{"@id":"https:\/\/www.petrklichelp.cz\/missionearth\/#primaryimage"},"image":{"@id":"https:\/\/www.petrklichelp.cz\/missionearth\/#primaryimage"},"thumbnailUrl":"https:\/\/www.petrklichelp.cz\/wp-content\/uploads\/2026\/04\/Mission-earth-banner-1024x320.png","datePublished":"2026-04-04T21:49:38+00:00","dateModified":"2026-04-12T20:26:10+00:00","breadcrumb":{"@id":"https:\/\/www.petrklichelp.cz\/missionearth\/#breadcrumb"},"inLanguage":"cs","potentialAction":[{"@type":"ReadAction","target":["https:\/\/www.petrklichelp.cz\/missionearth\/"]}]},{"@type":"ImageObject","inLanguage":"cs","@id":"https:\/\/www.petrklichelp.cz\/missionearth\/#primaryimage","url":"https:\/\/www.petrklichelp.cz\/wp-content\/uploads\/2026\/04\/Mission-earth-banner-1024x320.png","contentUrl":"https:\/\/www.petrklichelp.cz\/wp-content\/uploads\/2026\/04\/Mission-earth-banner-1024x320.png"},{"@type":"BreadcrumbList","@id":"https:\/\/www.petrklichelp.cz\/missionearth\/#breadcrumb","itemListElement":[{"@type":"ListItem","position":1,"name":"Home","item":"https:\/\/www.petrklichelp.cz\/"},{"@type":"ListItem","position":2,"name":"Mission: Earth"}]},{"@type":"WebSite","@id":"https:\/\/www.petrklichelp.cz\/cs\/#website","url":"https:\/\/www.petrklichelp.cz\/cs\/","name":"Petrkl\u00ed\u010d help","description":"","publisher":{"@id":"https:\/\/www.petrklichelp.cz\/cs\/#organization"},"potentialAction":[{"@type":"SearchAction","target":{"@type":"EntryPoint","urlTemplate":"https:\/\/www.petrklichelp.cz\/cs\/?s={search_term_string}"},"query-input":{"@type":"PropertyValueSpecification","valueRequired":true,"valueName":"search_term_string"}}],"inLanguage":"cs"},{"@type":"Organization","@id":"https:\/\/www.petrklichelp.cz\/cs\/#organization","name":"Petrkl\u00ed\u010d help","url":"https:\/\/www.petrklichelp.cz\/cs\/","logo":{"@type":"ImageObject","inLanguage":"cs","@id":"https:\/\/www.petrklichelp.cz\/cs\/#\/schema\/logo\/image\/","url":"https:\/\/petrklichelp.mrkninaweb.cz\/wp-content\/uploads\/2023\/01\/zahrada-petrklichelp.png","contentUrl":"https:\/\/petrklichelp.mrkninaweb.cz\/wp-content\/uploads\/2023\/01\/zahrada-petrklichelp.png","width":117,"height":110,"caption":"Petrkl\u00ed\u010d help"},"image":{"@id":"https:\/\/www.petrklichelp.cz\/cs\/#\/schema\/logo\/image\/"},"sameAs":["https:\/\/www.facebook.com\/PetrklicHelp","https:\/\/www.instagram.com\/petrklic_help\/"]}]}},"jetpack_sharing_enabled":true,"_links":{"self":[{"href":"https:\/\/www.petrklichelp.cz\/cs\/wp-json\/wp\/v2\/pages\/2466","targetHints":{"allow":["GET"]}}],"collection":[{"href":"https:\/\/www.petrklichelp.cz\/cs\/wp-json\/wp\/v2\/pages"}],"about":[{"href":"https:\/\/www.petrklichelp.cz\/cs\/wp-json\/wp\/v2\/types\/page"}],"author":[{"embeddable":true,"href":"https:\/\/www.petrklichelp.cz\/cs\/wp-json\/wp\/v2\/users\/2"}],"replies":[{"embeddable":true,"href":"https:\/\/www.petrklichelp.cz\/cs\/wp-json\/wp\/v2\/comments?post=2466"}],"version-history":[{"count":40,"href":"https:\/\/www.petrklichelp.cz\/cs\/wp-json\/wp\/v2\/pages\/2466\/revisions"}],"predecessor-version":[{"id":2646,"href":"https:\/\/www.petrklichelp.cz\/cs\/wp-json\/wp\/v2\/pages\/2466\/revisions\/2646"}],"wp:attachment":[{"href":"https:\/\/www.petrklichelp.cz\/cs\/wp-json\/wp\/v2\/media?parent=2466"}],"curies":[{"name":"wp","href":"https:\/\/api.w.org\/{rel}","templated":true}]}}