{"id":191,"date":"2022-12-26T16:38:38","date_gmt":"2022-12-26T15:38:38","guid":{"rendered":"https:\/\/petrklichelp.mrkninaweb.cz\/?page_id=191"},"modified":"2025-10-07T12:08:00","modified_gmt":"2025-10-07T10:08:00","slug":"about-us","status":"publish","type":"page","link":"https:\/\/www.petrklichelp.cz\/en\/about-us\/","title":{"rendered":"About us"},"content":{"rendered":"\n<p>Petrkl\u00ed\u010d Help, z.s. is a community-based, educational, youth, environmental, creative, and innovative non-profit organization that has been actively operating since 2005. Our organization brings together a team of professionals with extensive experience in non-formal education, volunteering, youth development and empowerment, cross-border and international cooperation, environmental sustainability, and youth participation.<\/p>\n\n\n\n<p>We are committed to fostering active citizenship and lifelong learning through inclusive and impactful initiatives. In addition, our dedicated support team provides expert guidance on entrepreneurship, youth policy, personal development, and ecology, helping individuals and communities grow in a sustainable and&nbsp;meaningful&nbsp;way.<\/p>\n\n\n\n\n","protected":false},"excerpt":{"rendered":"<p>Petrkl\u00ed\u010d Help, z.s. is a community-based, educational, youth, environmental, creative, and innovative non-profit organization that has been actively operating since&#8230;<\/p>\n","protected":false},"author":1,"featured_media":0,"parent":0,"menu_order":0,"comment_status":"closed","ping_status":"closed","template":"","meta":{"_acf_changed":false,"footnotes":""},"class_list":["post-191","page","type-page","status-publish","hentry"],"acf":[],"yoast_head":"<!-- This site is optimized with the Yoast SEO plugin v26.0 - https:\/\/yoast.com\/wordpress\/plugins\/seo\/ -->\n<title>About us - Petrkl\u00ed\u010d help<\/title>\n<meta name=\"robots\" content=\"index, follow, max-snippet:-1, max-image-preview:large, max-video-preview:-1\" \/>\n<link rel=\"canonical\" href=\"https:\/\/www.petrklichelp.cz\/en\/about-us\/\" \/>\n<meta property=\"og:locale\" content=\"en_GB\" \/>\n<meta property=\"og:type\" content=\"article\" \/>\n<meta property=\"og:title\" content=\"About us - Petrkl\u00ed\u010d help\" \/>\n<meta property=\"og:description\" content=\"Petrkl\u00ed\u010d Help, z.s. is a community-based, educational, youth, environmental, creative, and innovative non-profit organization that has been actively operating since...\" \/>\n<meta property=\"og:url\" content=\"https:\/\/www.petrklichelp.cz\/en\/about-us\/\" \/>\n<meta property=\"og:site_name\" content=\"Petrkl\u00ed\u010d help\" \/>\n<meta property=\"article:publisher\" content=\"https:\/\/www.facebook.com\/PetrklicHelp\" \/>\n<meta property=\"article:modified_time\" content=\"2025-10-07T10:08:00+00:00\" \/>\n<meta name=\"twitter:card\" content=\"summary_large_image\" \/>\n<meta name=\"twitter:label1\" content=\"Estimated reading time\" \/>\n\t<meta name=\"twitter:data1\" content=\"1 minute\" \/>\n<script type=\"application\/ld+json\" class=\"yoast-schema-graph\">{\"@context\":\"https:\/\/schema.org\",\"@graph\":[{\"@type\":\"WebPage\",\"@id\":\"https:\/\/www.petrklichelp.cz\/about-us\/\",\"url\":\"https:\/\/www.petrklichelp.cz\/about-us\/\",\"name\":\"About us - Petrkl\u00ed\u010d help\",\"isPartOf\":{\"@id\":\"https:\/\/www.petrklichelp.cz\/cs\/#website\"},\"datePublished\":\"2022-12-26T15:38:38+00:00\",\"dateModified\":\"2025-10-07T10:08:00+00:00\",\"breadcrumb\":{\"@id\":\"https:\/\/www.petrklichelp.cz\/about-us\/#breadcrumb\"},\"inLanguage\":\"en-GB\",\"potentialAction\":[{\"@type\":\"ReadAction\",\"target\":[\"https:\/\/www.petrklichelp.cz\/about-us\/\"]}]},{\"@type\":\"BreadcrumbList\",\"@id\":\"https:\/\/www.petrklichelp.cz\/about-us\/#breadcrumb\",\"itemListElement\":[{\"@type\":\"ListItem\",\"position\":1,\"name\":\"Home\",\"item\":\"https:\/\/www.petrklichelp.cz\/\"},{\"@type\":\"ListItem\",\"position\":2,\"name\":\"About us\"}]},{\"@type\":\"WebSite\",\"@id\":\"https:\/\/www.petrklichelp.cz\/cs\/#website\",\"url\":\"https:\/\/www.petrklichelp.cz\/cs\/\",\"name\":\"Petrkl\u00ed\u010d help\",\"description\":\"\",\"publisher\":{\"@id\":\"https:\/\/www.petrklichelp.cz\/cs\/#organization\"},\"potentialAction\":[{\"@type\":\"SearchAction\",\"target\":{\"@type\":\"EntryPoint\",\"urlTemplate\":\"https:\/\/www.petrklichelp.cz\/cs\/?s={search_term_string}\"},\"query-input\":{\"@type\":\"PropertyValueSpecification\",\"valueRequired\":true,\"valueName\":\"search_term_string\"}}],\"inLanguage\":\"en-GB\"},{\"@type\":\"Organization\",\"@id\":\"https:\/\/www.petrklichelp.cz\/cs\/#organization\",\"name\":\"Petrkl\u00ed\u010d help\",\"url\":\"https:\/\/www.petrklichelp.cz\/cs\/\",\"logo\":{\"@type\":\"ImageObject\",\"inLanguage\":\"en-GB\",\"@id\":\"https:\/\/www.petrklichelp.cz\/cs\/#\/schema\/logo\/image\/\",\"url\":\"https:\/\/petrklichelp.mrkninaweb.cz\/wp-content\/uploads\/2023\/01\/zahrada-petrklichelp.png\",\"contentUrl\":\"https:\/\/petrklichelp.mrkninaweb.cz\/wp-content\/uploads\/2023\/01\/zahrada-petrklichelp.png\",\"width\":117,\"height\":110,\"caption\":\"Petrkl\u00ed\u010d help\"},\"image\":{\"@id\":\"https:\/\/www.petrklichelp.cz\/cs\/#\/schema\/logo\/image\/\"},\"sameAs\":[\"https:\/\/www.facebook.com\/PetrklicHelp\",\"https:\/\/www.instagram.com\/petrklic_help\/\"]}]}<\/script>\n<!-- \/ Yoast SEO plugin. -->","yoast_head_json":{"title":"About us - Petrkl\u00ed\u010d help","robots":{"index":"index","follow":"follow","max-snippet":"max-snippet:-1","max-image-preview":"max-image-preview:large","max-video-preview":"max-video-preview:-1"},"canonical":"https:\/\/www.petrklichelp.cz\/en\/about-us\/","og_locale":"en_GB","og_type":"article","og_title":"About us - Petrkl\u00ed\u010d help","og_description":"Petrkl\u00ed\u010d Help, z.s. is a community-based, educational, youth, environmental, creative, and innovative non-profit organization that has been actively operating since...","og_url":"https:\/\/www.petrklichelp.cz\/en\/about-us\/","og_site_name":"Petrkl\u00ed\u010d help","article_publisher":"https:\/\/www.facebook.com\/PetrklicHelp","article_modified_time":"2025-10-07T10:08:00+00:00","twitter_card":"summary_large_image","twitter_misc":{"Estimated reading time":"1 minute"},"schema":{"@context":"https:\/\/schema.org","@graph":[{"@type":"WebPage","@id":"https:\/\/www.petrklichelp.cz\/about-us\/","url":"https:\/\/www.petrklichelp.cz\/about-us\/","name":"About us - Petrkl\u00ed\u010d help","isPartOf":{"@id":"https:\/\/www.petrklichelp.cz\/cs\/#website"},"datePublished":"2022-12-26T15:38:38+00:00","dateModified":"2025-10-07T10:08:00+00:00","breadcrumb":{"@id":"https:\/\/www.petrklichelp.cz\/about-us\/#breadcrumb"},"inLanguage":"en-GB","potentialAction":[{"@type":"ReadAction","target":["https:\/\/www.petrklichelp.cz\/about-us\/"]}]},{"@type":"BreadcrumbList","@id":"https:\/\/www.petrklichelp.cz\/about-us\/#breadcrumb","itemListElement":[{"@type":"ListItem","position":1,"name":"Home","item":"https:\/\/www.petrklichelp.cz\/"},{"@type":"ListItem","position":2,"name":"About us"}]},{"@type":"WebSite","@id":"https:\/\/www.petrklichelp.cz\/cs\/#website","url":"https:\/\/www.petrklichelp.cz\/cs\/","name":"Petrkl\u00ed\u010d help","description":"","publisher":{"@id":"https:\/\/www.petrklichelp.cz\/cs\/#organization"},"potentialAction":[{"@type":"SearchAction","target":{"@type":"EntryPoint","urlTemplate":"https:\/\/www.petrklichelp.cz\/cs\/?s={search_term_string}"},"query-input":{"@type":"PropertyValueSpecification","valueRequired":true,"valueName":"search_term_string"}}],"inLanguage":"en-GB"},{"@type":"Organization","@id":"https:\/\/www.petrklichelp.cz\/cs\/#organization","name":"Petrkl\u00ed\u010d help","url":"https:\/\/www.petrklichelp.cz\/cs\/","logo":{"@type":"ImageObject","inLanguage":"en-GB","@id":"https:\/\/www.petrklichelp.cz\/cs\/#\/schema\/logo\/image\/","url":"https:\/\/petrklichelp.mrkninaweb.cz\/wp-content\/uploads\/2023\/01\/zahrada-petrklichelp.png","contentUrl":"https:\/\/petrklichelp.mrkninaweb.cz\/wp-content\/uploads\/2023\/01\/zahrada-petrklichelp.png","width":117,"height":110,"caption":"Petrkl\u00ed\u010d help"},"image":{"@id":"https:\/\/www.petrklichelp.cz\/cs\/#\/schema\/logo\/image\/"},"sameAs":["https:\/\/www.facebook.com\/PetrklicHelp","https:\/\/www.instagram.com\/petrklic_help\/"]}]}},"jetpack_sharing_enabled":true,"_links":{"self":[{"href":"https:\/\/www.petrklichelp.cz\/en\/wp-json\/wp\/v2\/pages\/191","targetHints":{"allow":["GET"]}}],"collection":[{"href":"https:\/\/www.petrklichelp.cz\/en\/wp-json\/wp\/v2\/pages"}],"about":[{"href":"https:\/\/www.petrklichelp.cz\/en\/wp-json\/wp\/v2\/types\/page"}],"author":[{"embeddable":true,"href":"https:\/\/www.petrklichelp.cz\/en\/wp-json\/wp\/v2\/users\/1"}],"replies":[{"embeddable":true,"href":"https:\/\/www.petrklichelp.cz\/en\/wp-json\/wp\/v2\/comments?post=191"}],"version-history":[{"count":9,"href":"https:\/\/www.petrklichelp.cz\/en\/wp-json\/wp\/v2\/pages\/191\/revisions"}],"predecessor-version":[{"id":2235,"href":"https:\/\/www.petrklichelp.cz\/en\/wp-json\/wp\/v2\/pages\/191\/revisions\/2235"}],"wp:attachment":[{"href":"https:\/\/www.petrklichelp.cz\/en\/wp-json\/wp\/v2\/media?parent=191"}],"curies":[{"name":"wp","href":"https:\/\/api.w.org\/{rel}","templated":true}]}}