{"id":2455,"date":"2026-03-26T18:32:32","date_gmt":"2026-03-26T17:32:32","guid":{"rendered":"https:\/\/www.petrklichelp.cz\/?page_id=2455"},"modified":"2026-04-15T23:21:34","modified_gmt":"2026-04-15T21:21:34","slug":"eko","status":"publish","type":"page","link":"https:\/\/www.petrklichelp.cz\/en\/eko\/","title":{"rendered":"Games"},"content":{"rendered":"\n<div style=\"\n  display:grid;\n  grid-template-columns:repeat(auto-fit, minmax(280px, 1fr));\n  gap:24px;\n  max-width:1100px;\n  margin:40px auto;\n  padding:0 16px;\n\">\n\n  <a href=\"https:\/\/www.petrklichelp.cz\/cs\/najdi-toho-ptaka\/\" style=\"text-decoration:none;color:inherit;\">\n    <div style=\"\n      background:#ffffff;\n      border-radius:18px;\n      overflow:hidden;\n      box-shadow:0 10px 25px rgba(0,0,0,0.12);\n      transition:transform 0.25s ease, box-shadow 0.25s ease;\n    \" class=\"game-card\">\n\n      <img decoding=\"async\" src=\"https:\/\/www.petrklichelp.cz\/wp-content\/uploads\/2026\/04\/Bird-detective.png\" style=\"\n        width:100%;\n        height:auto;\n        display:block;\n      \">\n\n      <div style=\"padding:16px;text-align:center;\">\n        <h3 style=\"margin:0;font-size:20px;color:#1f2937;\">Pta\u010d\u00ed detektiv<\/h3>\n        <p style=\"margin:8px 0 0 0;font-size:14px;color:#6b7280;\">\n          Poslouchej a pozn\u00e1vej pt\u00e1\u010dky!\n        <\/p>\n      <\/div>\n\n    <\/div>\n  <\/a>\n\n<\/div>\n\n<style>\n.game-card:hover {\n  transform: translateY(-6px);\n  box-shadow: 0 18px 40px rgba(0,0,0,0.18);\n}\n<\/style>\n\n\n\n<div style=\"\n  display:grid;\n  grid-template-columns:repeat(auto-fit, minmax(280px, 1fr));\n  gap:24px;\n  max-width:1100px;\n  margin:40px auto;\n  padding:0 16px;\n\">\n\n  <a href=\"https:\/\/www.petrklichelp.cz\/cs\/ptaci_detektiv_2\/\" style=\"text-decoration:none;color:inherit;\">\n    <div style=\"\n      background:#ffffff;\n      border-radius:18px;\n      overflow:hidden;\n      box-shadow:0 10px 25px rgba(0,0,0,0.12);\n      transition:transform 0.25s ease, box-shadow 0.25s ease;\n    \" class=\"game-card\">\n\n      <img decoding=\"async\" src=\"https:\/\/www.petrklichelp.cz\/wp-content\/uploads\/2026\/04\/Bird-detective-2.png\" style=\"\n        width:100%;\n        height:auto;\n        display:block;\n      \">\n\n      <div style=\"padding:16px;text-align:center;\">\n        <h3 style=\"margin:0;font-size:20px;color:#1f2937;\">Pta\u010d\u00ed detektiv 2.0<\/h3>\n        <p style=\"margin:8px 0 0 0;font-size:14px;color:#6b7280;\">\n          Poslouchej a pozn\u00e1vej pt\u00e1\u010dky!\n        <\/p>\n      <\/div>\n\n    <\/div>\n  <\/a>\n\n<\/div>\n\n<style>\n.game-card:hover {\n  transform: translateY(-6px);\n  box-shadow: 0 18px 40px rgba(0,0,0,0.18);\n}\n<\/style>\n\n\n\n<div style=\"\n  display:grid;\n  grid-template-columns:repeat(auto-fit, minmax(280px, 1fr));\n  gap:24px;\n  max-width:1100px;\n  margin:40px auto;\n  padding:0 16px;\n\">\n\n  <a href=\"https:\/\/www.petrklichelp.cz\/en\/missionearth\/\" style=\"text-decoration:none;color:inherit;\">\n    <div style=\"\n      background:#ffffff;\n      border-radius:18px;\n      overflow:hidden;\n      box-shadow:0 10px 25px rgba(0,0,0,0.12);\n      transition:transform 0.25s ease, box-shadow 0.25s ease;\n    \" class=\"game-card\">\n\n      <img decoding=\"async\" src=\"https:\/\/www.petrklichelp.cz\/wp-content\/uploads\/2026\/04\/Mission-Green-Earth.png\" style=\"\n        width:100%;\n        height:auto;\n        display:block;\n      \">\n\n      <div style=\"padding:16px;text-align:center;\">\n        <h3 style=\"margin:0;font-size:20px;color:#1f2937;\">Mission:Green Earth<\/h3>\n        <p style=\"margin:8px 0 0 0;font-size:14px;color:#6b7280;\">\n          Zachra\u0148 Zemi!\n        <\/p>\n      <\/div>\n\n    <\/div>\n  <\/a>\n\n<\/div>\n\n<style>\n.game-card:hover {\n  transform: translateY(-6px);\n  box-shadow: 0 18px 40px rgba(0,0,0,0.18);\n}\n<\/style>\n\n\n\n<div style=\"\n  display:grid;\n  grid-template-columns:repeat(auto-fit, minmax(280px, 1fr));\n  gap:24px;\n  max-width:1100px;\n  margin:40px auto;\n  padding:0 16px;\n\">\n\n  <a href=\"https:\/\/www.petrklichelp.cz\/en\/ozveny-zahrady\/\" style=\"text-decoration:none;color:inherit;\">\n    <div style=\"\n      background:#ffffff;\n      border-radius:18px;\n      overflow:hidden;\n      box-shadow:0 10px 25px rgba(0,0,0,0.12);\n      transition:transform 0.25s ease, box-shadow 0.25s ease;\n    \" class=\"game-card\">\n\n      <img decoding=\"async\" src=\"https:\/\/www.petrklichelp.cz\/wp-content\/uploads\/2026\/04\/Echoes-of-Garden-poster.png\" style=\"\n        width:100%;\n        height:auto;\n        display:block;\n      \">\n\n      <div style=\"padding:16px;text-align:center;\">\n        <h3 style=\"margin:0;font-size:20px;color:#1f2937;\">Ozv\u011bny zahrady<\/h3>\n        <p style=\"margin:8px 0 0 0;font-size:14px;color:#6b7280;\">\n          Smyslov\u00e1 cesta zvukem, prostorem a p\u0159\u00edrodou.\n        <\/p>\n      <\/div>\n\n    <\/div>\n  <\/a>\n\n<\/div>\n\n<style>\n.game-card:hover {\n  transform: translateY(-6px);\n  box-shadow: 0 18px 40px rgba(0,0,0,0.18);\n}\n<\/style>\n\n\n\n<div style=\"\n  display:grid;\n  grid-template-columns:repeat(auto-fit, minmax(280px, 1fr));\n  gap:24px;\n  max-width:1100px;\n  margin:40px auto;\n  padding:0 16px;\n\">\n\n  <a href=\"https:\/\/www.petrklichelp.cz\/cs\/ecoquiz\/\" style=\"text-decoration:none;color:inherit;\">\n    <div style=\"\n      background:#ffffff;\n      border-radius:18px;\n      overflow:hidden;\n      box-shadow:0 10px 25px rgba(0,0,0,0.12);\n      transition:transform 0.25s ease, box-shadow 0.25s ease;\n    \" class=\"game-card\">\n\n      <img decoding=\"async\" src=\"https:\/\/www.petrklichelp.cz\/wp-content\/uploads\/2026\/04\/Nature-Discovery-Quiz.png\" style=\"\n        width:100%;\n        height:auto;\n        display:block;\n      \">\n\n      <div style=\"padding:16px;text-align:center;\">\n        <h3 style=\"margin:0;font-size:20px;color:#1f2937;\">Natura 2000 Explorer<\/h3>\n        <p style=\"margin:8px 0 0 0;font-size:14px;color:#6b7280;\">\n          Objevujte chr\u00e1n\u011bnou p\u0159\u00edrodu a otestujte sv\u00e9 znalosti\n        <\/p>\n      <\/div>\n\n    <\/div>\n  <\/a>\n\n<\/div>\n\n<style>\n.game-card:hover {\n  transform: translateY(-6px);\n  box-shadow: 0 18px 40px rgba(0,0,0,0.18);\n}\n<\/style>\n","protected":false},"excerpt":{"rendered":"<p>Pta\u010d\u00ed detektiv Poslouchej a pozn\u00e1vej pt\u00e1\u010dky! Pta\u010d\u00ed detektiv 2.0 Poslouchej a pozn\u00e1vej pt\u00e1\u010dky! Mission:Green Earth Zachra\u0148 Zemi! Ozv\u011bny zahrady Smyslov\u00e1&#8230;<\/p>\n","protected":false},"author":2,"featured_media":0,"parent":0,"menu_order":0,"comment_status":"closed","ping_status":"closed","template":"","meta":{"_acf_changed":false,"footnotes":""},"class_list":["post-2455","page","type-page","status-publish","hentry"],"acf":[],"yoast_head":"<!-- This site is optimized with the Yoast SEO plugin v26.0 - https:\/\/yoast.com\/wordpress\/plugins\/seo\/ -->\n<title>Games - Petrkl\u00ed\u010d help<\/title>\n<meta name=\"robots\" content=\"index, follow, max-snippet:-1, max-image-preview:large, max-video-preview:-1\" \/>\n<link rel=\"canonical\" href=\"https:\/\/www.petrklichelp.cz\/en\/eko\/\" \/>\n<meta property=\"og:locale\" content=\"en_GB\" \/>\n<meta property=\"og:type\" content=\"article\" \/>\n<meta property=\"og:title\" content=\"Games - Petrkl\u00ed\u010d help\" \/>\n<meta property=\"og:description\" content=\"Pta\u010d\u00ed detektiv Poslouchej a pozn\u00e1vej pt\u00e1\u010dky! Pta\u010d\u00ed detektiv 2.0 Poslouchej a pozn\u00e1vej pt\u00e1\u010dky! Mission:Green Earth Zachra\u0148 Zemi! Ozv\u011bny zahrady Smyslov\u00e1...\" \/>\n<meta property=\"og:url\" content=\"https:\/\/www.petrklichelp.cz\/en\/eko\/\" \/>\n<meta property=\"og:site_name\" content=\"Petrkl\u00ed\u010d help\" \/>\n<meta property=\"article:publisher\" content=\"https:\/\/www.facebook.com\/PetrklicHelp\" \/>\n<meta property=\"article:modified_time\" content=\"2026-04-15T21:21:34+00:00\" \/>\n<meta property=\"og:image\" content=\"https:\/\/www.petrklichelp.cz\/wp-content\/uploads\/2026\/04\/Bird-detective.png\" \/>\n<meta name=\"twitter:card\" content=\"summary_large_image\" \/>\n<meta name=\"twitter:label1\" content=\"Estimated reading time\" \/>\n\t<meta name=\"twitter:data1\" content=\"1 minute\" \/>\n<script type=\"application\/ld+json\" class=\"yoast-schema-graph\">{\"@context\":\"https:\/\/schema.org\",\"@graph\":[{\"@type\":\"WebPage\",\"@id\":\"https:\/\/www.petrklichelp.cz\/eko\/\",\"url\":\"https:\/\/www.petrklichelp.cz\/eko\/\",\"name\":\"Games - Petrkl\u00ed\u010d help\",\"isPartOf\":{\"@id\":\"https:\/\/www.petrklichelp.cz\/cs\/#website\"},\"primaryImageOfPage\":{\"@id\":\"https:\/\/www.petrklichelp.cz\/eko\/#primaryimage\"},\"image\":{\"@id\":\"https:\/\/www.petrklichelp.cz\/eko\/#primaryimage\"},\"thumbnailUrl\":\"https:\/\/www.petrklichelp.cz\/wp-content\/uploads\/2026\/04\/Bird-detective.png\",\"datePublished\":\"2026-03-26T17:32:32+00:00\",\"dateModified\":\"2026-04-15T21:21:34+00:00\",\"breadcrumb\":{\"@id\":\"https:\/\/www.petrklichelp.cz\/eko\/#breadcrumb\"},\"inLanguage\":\"en-GB\",\"potentialAction\":[{\"@type\":\"ReadAction\",\"target\":[\"https:\/\/www.petrklichelp.cz\/eko\/\"]}]},{\"@type\":\"ImageObject\",\"inLanguage\":\"en-GB\",\"@id\":\"https:\/\/www.petrklichelp.cz\/eko\/#primaryimage\",\"url\":\"https:\/\/www.petrklichelp.cz\/wp-content\/uploads\/2026\/04\/Bird-detective.png\",\"contentUrl\":\"https:\/\/www.petrklichelp.cz\/wp-content\/uploads\/2026\/04\/Bird-detective.png\"},{\"@type\":\"BreadcrumbList\",\"@id\":\"https:\/\/www.petrklichelp.cz\/eko\/#breadcrumb\",\"itemListElement\":[{\"@type\":\"ListItem\",\"position\":1,\"name\":\"Home\",\"item\":\"https:\/\/www.petrklichelp.cz\/\"},{\"@type\":\"ListItem\",\"position\":2,\"name\":\"Games\"}]},{\"@type\":\"WebSite\",\"@id\":\"https:\/\/www.petrklichelp.cz\/cs\/#website\",\"url\":\"https:\/\/www.petrklichelp.cz\/cs\/\",\"name\":\"Petrkl\u00ed\u010d help\",\"description\":\"\",\"publisher\":{\"@id\":\"https:\/\/www.petrklichelp.cz\/cs\/#organization\"},\"potentialAction\":[{\"@type\":\"SearchAction\",\"target\":{\"@type\":\"EntryPoint\",\"urlTemplate\":\"https:\/\/www.petrklichelp.cz\/cs\/?s={search_term_string}\"},\"query-input\":{\"@type\":\"PropertyValueSpecification\",\"valueRequired\":true,\"valueName\":\"search_term_string\"}}],\"inLanguage\":\"en-GB\"},{\"@type\":\"Organization\",\"@id\":\"https:\/\/www.petrklichelp.cz\/cs\/#organization\",\"name\":\"Petrkl\u00ed\u010d help\",\"url\":\"https:\/\/www.petrklichelp.cz\/cs\/\",\"logo\":{\"@type\":\"ImageObject\",\"inLanguage\":\"en-GB\",\"@id\":\"https:\/\/www.petrklichelp.cz\/cs\/#\/schema\/logo\/image\/\",\"url\":\"https:\/\/petrklichelp.mrkninaweb.cz\/wp-content\/uploads\/2023\/01\/zahrada-petrklichelp.png\",\"contentUrl\":\"https:\/\/petrklichelp.mrkninaweb.cz\/wp-content\/uploads\/2023\/01\/zahrada-petrklichelp.png\",\"width\":117,\"height\":110,\"caption\":\"Petrkl\u00ed\u010d help\"},\"image\":{\"@id\":\"https:\/\/www.petrklichelp.cz\/cs\/#\/schema\/logo\/image\/\"},\"sameAs\":[\"https:\/\/www.facebook.com\/PetrklicHelp\",\"https:\/\/www.instagram.com\/petrklic_help\/\"]}]}<\/script>\n<!-- \/ Yoast SEO plugin. -->","yoast_head_json":{"title":"Games - Petrkl\u00ed\u010d help","robots":{"index":"index","follow":"follow","max-snippet":"max-snippet:-1","max-image-preview":"max-image-preview:large","max-video-preview":"max-video-preview:-1"},"canonical":"https:\/\/www.petrklichelp.cz\/en\/eko\/","og_locale":"en_GB","og_type":"article","og_title":"Games - Petrkl\u00ed\u010d help","og_description":"Pta\u010d\u00ed detektiv Poslouchej a pozn\u00e1vej pt\u00e1\u010dky! Pta\u010d\u00ed detektiv 2.0 Poslouchej a pozn\u00e1vej pt\u00e1\u010dky! Mission:Green Earth Zachra\u0148 Zemi! Ozv\u011bny zahrady Smyslov\u00e1...","og_url":"https:\/\/www.petrklichelp.cz\/en\/eko\/","og_site_name":"Petrkl\u00ed\u010d help","article_publisher":"https:\/\/www.facebook.com\/PetrklicHelp","article_modified_time":"2026-04-15T21:21:34+00:00","og_image":[{"url":"https:\/\/www.petrklichelp.cz\/wp-content\/uploads\/2026\/04\/Bird-detective.png","type":"","width":"","height":""}],"twitter_card":"summary_large_image","twitter_misc":{"Estimated reading time":"1 minute"},"schema":{"@context":"https:\/\/schema.org","@graph":[{"@type":"WebPage","@id":"https:\/\/www.petrklichelp.cz\/eko\/","url":"https:\/\/www.petrklichelp.cz\/eko\/","name":"Games - Petrkl\u00ed\u010d help","isPartOf":{"@id":"https:\/\/www.petrklichelp.cz\/cs\/#website"},"primaryImageOfPage":{"@id":"https:\/\/www.petrklichelp.cz\/eko\/#primaryimage"},"image":{"@id":"https:\/\/www.petrklichelp.cz\/eko\/#primaryimage"},"thumbnailUrl":"https:\/\/www.petrklichelp.cz\/wp-content\/uploads\/2026\/04\/Bird-detective.png","datePublished":"2026-03-26T17:32:32+00:00","dateModified":"2026-04-15T21:21:34+00:00","breadcrumb":{"@id":"https:\/\/www.petrklichelp.cz\/eko\/#breadcrumb"},"inLanguage":"en-GB","potentialAction":[{"@type":"ReadAction","target":["https:\/\/www.petrklichelp.cz\/eko\/"]}]},{"@type":"ImageObject","inLanguage":"en-GB","@id":"https:\/\/www.petrklichelp.cz\/eko\/#primaryimage","url":"https:\/\/www.petrklichelp.cz\/wp-content\/uploads\/2026\/04\/Bird-detective.png","contentUrl":"https:\/\/www.petrklichelp.cz\/wp-content\/uploads\/2026\/04\/Bird-detective.png"},{"@type":"BreadcrumbList","@id":"https:\/\/www.petrklichelp.cz\/eko\/#breadcrumb","itemListElement":[{"@type":"ListItem","position":1,"name":"Home","item":"https:\/\/www.petrklichelp.cz\/"},{"@type":"ListItem","position":2,"name":"Games"}]},{"@type":"WebSite","@id":"https:\/\/www.petrklichelp.cz\/cs\/#website","url":"https:\/\/www.petrklichelp.cz\/cs\/","name":"Petrkl\u00ed\u010d help","description":"","publisher":{"@id":"https:\/\/www.petrklichelp.cz\/cs\/#organization"},"potentialAction":[{"@type":"SearchAction","target":{"@type":"EntryPoint","urlTemplate":"https:\/\/www.petrklichelp.cz\/cs\/?s={search_term_string}"},"query-input":{"@type":"PropertyValueSpecification","valueRequired":true,"valueName":"search_term_string"}}],"inLanguage":"en-GB"},{"@type":"Organization","@id":"https:\/\/www.petrklichelp.cz\/cs\/#organization","name":"Petrkl\u00ed\u010d help","url":"https:\/\/www.petrklichelp.cz\/cs\/","logo":{"@type":"ImageObject","inLanguage":"en-GB","@id":"https:\/\/www.petrklichelp.cz\/cs\/#\/schema\/logo\/image\/","url":"https:\/\/petrklichelp.mrkninaweb.cz\/wp-content\/uploads\/2023\/01\/zahrada-petrklichelp.png","contentUrl":"https:\/\/petrklichelp.mrkninaweb.cz\/wp-content\/uploads\/2023\/01\/zahrada-petrklichelp.png","width":117,"height":110,"caption":"Petrkl\u00ed\u010d help"},"image":{"@id":"https:\/\/www.petrklichelp.cz\/cs\/#\/schema\/logo\/image\/"},"sameAs":["https:\/\/www.facebook.com\/PetrklicHelp","https:\/\/www.instagram.com\/petrklic_help\/"]}]}},"jetpack_sharing_enabled":true,"_links":{"self":[{"href":"https:\/\/www.petrklichelp.cz\/en\/wp-json\/wp\/v2\/pages\/2455","targetHints":{"allow":["GET"]}}],"collection":[{"href":"https:\/\/www.petrklichelp.cz\/en\/wp-json\/wp\/v2\/pages"}],"about":[{"href":"https:\/\/www.petrklichelp.cz\/en\/wp-json\/wp\/v2\/types\/page"}],"author":[{"embeddable":true,"href":"https:\/\/www.petrklichelp.cz\/en\/wp-json\/wp\/v2\/users\/2"}],"replies":[{"embeddable":true,"href":"https:\/\/www.petrklichelp.cz\/en\/wp-json\/wp\/v2\/comments?post=2455"}],"version-history":[{"count":14,"href":"https:\/\/www.petrklichelp.cz\/en\/wp-json\/wp\/v2\/pages\/2455\/revisions"}],"predecessor-version":[{"id":2721,"href":"https:\/\/www.petrklichelp.cz\/en\/wp-json\/wp\/v2\/pages\/2455\/revisions\/2721"}],"wp:attachment":[{"href":"https:\/\/www.petrklichelp.cz\/en\/wp-json\/wp\/v2\/media?parent=2455"}],"curies":[{"name":"wp","href":"https:\/\/api.w.org\/{rel}","templated":true}]}}